{"id":1416,"date":"2022-11-12T16:33:15","date_gmt":"2022-11-12T19:33:15","guid":{"rendered":"https:\/\/compets.com.br\/blog\/?page_id=1416"},"modified":"2022-11-15T01:52:15","modified_gmt":"2022-11-15T04:52:15","slug":"contato","status":"publish","type":"page","link":"https:\/\/compets.com.br\/blog\/contato\/","title":{"rendered":"Entre em contato"},"content":{"rendered":"\n<p class=\"lh-base div_logo_center_m\">Entre em contato conosco, teremos um grande prazer em ajud\u00e1-lo!<\/p>\n\n\n\n<div class=\"wp-block-weforms-form\">\r\n        \r\n\r\n                <form class=\"wpuf-form-add weforms-1408  wpuf-style\" action=\"\" method=\"post\"   id=\"\">\r\n\r\n            <ul class=\"wpuf-form form-label-above\">\r\n\r\n                        <li class=\"wpuf-el Nome field-size-large\" data-label=\"Nome\">\r\n                    <div class=\"wpuf-label\">\r\n            <label for=\"Nome_1408\">Nome <span class=\"required\">*<\/span><\/label>\r\n        <\/div>\r\n        \r\n            <div class=\"wpuf-fields\">\r\n                <input\r\n                    class=\"textfield wpuf_Nome_1408\"\r\n                    id=\"Nome_1408\"\r\n                    type=\"text\"\r\n                    data-duplicate=\"no\"\r\n                    data-required=\"yes\"\r\n                    data-type=\"text\" name=\"Nome\"\r\n                    placeholder=\"\"\r\n                    value=\"\"\r\n                    size=\"40\"\r\n                    data-style=\"wpuf-style\"\r\n                \/>\r\n\r\n                <span class=\"wpuf-wordlimit-message wpuf-help\"><\/span>\r\n                            <\/div>\r\n                    <\/li>\r\n                <li class=\"wpuf-el email field-size-large\" data-label=\"Email\">\r\n                    <div class=\"wpuf-label\">\r\n            <label for=\"email_1408\">Email <span class=\"required\">*<\/span><\/label>\r\n        <\/div>\r\n        \r\n            <div class=\"wpuf-fields\">\r\n                <input\r\n                    id=\"email_1408\"\r\n                    type=\"email\"\r\n                    class=\"email  wpuf_email_1408\"\r\n                    data-duplicate=\"\"\r\n                    data-required=\"yes\"\r\n                    data-type=\"email\"\r\n                    data-style=\"wpuf-style\"\r\n                    name=\"email\"\r\n                    placeholder=\"\"\r\n                    value=\"\"\r\n                    size=\"40\"\r\n                    autocomplete=\"email\"\r\n                \/>\r\n                            <\/div>\r\n        <\/li>\r\n                <li class=\"wpuf-el mensagem field-size-large\" data-label=\"Mensagem\">\r\n                    <div class=\"wpuf-label\">\r\n            <label for=\"mensagem_1408\">Mensagem <span class=\"required\">*<\/span><\/label>\r\n        <\/div>\r\n                                    <div class=\"wpuf-fields\">\r\n            \r\n                                    <textarea\r\n                        class=\"textareafield  wpuf_mensagem_1408\"\r\n                        id=\"mensagem_1408\"\r\n                        name=\"mensagem\"\r\n                        data-required=\"yes\"\r\n                        data-type=\"textarea\"\r\n                        placeholder=\"\"\r\n                        rows=\"5\"\r\n                        cols=\"25\"\r\n                        data-style=\"wpuf-style\"\r\n                    ><\/textarea>\r\n                    <span class=\"wpuf-wordlimit-message wpuf-help\"><\/span>\r\n\r\n                \r\n                        <\/div><\/li>\r\n                <li class=\"wpuf-el custom_html\" data-label=\"Custom HTML\">\r\n            <div class=\"wpuf-fields html_1408 wpuf_custom_html_1408\" data-style=\"wpuf-style\">\r\n                <p> Ao continuar, afirmo que concordo com a <a href=\"\/blog\/politica-de-privacidade\/\"><strong>Pol\u00edtica de Privacidade<\/strong><\/a> deste site.\n<\/p>            <\/div>\r\n\r\n        <\/li>\r\n                <li class=\"wpuf-submit\">\r\n            <div class=\"wpuf-label\">\r\n                &nbsp;\r\n            <\/div>\r\n\r\n            <input type=\"hidden\" id=\"_wpnonce\" name=\"_wpnonce\" value=\"9d0cedf4e4\" \/><input type=\"hidden\" name=\"_wp_http_referer\" value=\"\/blog\/wp-json\/wp\/v2\/pages\/1416\" \/>\r\n            <input type=\"hidden\" name=\"form_id\" value=\"1408\">\r\n            <input type=\"hidden\" name=\"page_id\" value=\"1416\">\r\n            <input type=\"hidden\" name=\"action\" value=\"weforms_frontend_submit\">\r\n\r\n                            <input type=\"hidden\" name=\"weforms-front-report\" value=\"no\">\r\n            \r\n            \r\n                            <input type=\"submit\" class=\"weforms_submit_btn wpuf_submit_1408\" name=\"submit\" value=\"Enviar\" \/>\r\n                    <\/li>\r\n                <\/ul>\r\n\r\n        <\/form>\r\n                <\/div>\n","protected":false},"excerpt":{"rendered":"<p>Entre em contato conosco, teremos um grande prazer em ajud\u00e1-lo!<\/p>\n","protected":false},"author":1,"featured_media":1982,"parent":0,"menu_order":0,"comment_status":"closed","ping_status":"closed","template":"","meta":{"footnotes":""},"class_list":["post-1416","page","type-page","status-publish","has-post-thumbnail","hentry"],"yoast_head":"<!-- This site is optimized with the Yoast SEO plugin v27.5 - https:\/\/yoast.com\/product\/yoast-seo-wordpress\/ -->\n<title>Entre em contato - Blog da Compets<\/title>\n<meta name=\"robots\" content=\"index, follow, max-snippet:-1, max-image-preview:large, max-video-preview:-1\" \/>\n<link rel=\"canonical\" href=\"https:\/\/compets.com.br\/blog\/contato\/\" \/>\n<meta property=\"og:locale\" content=\"pt_BR\" \/>\n<meta property=\"og:type\" content=\"article\" \/>\n<meta property=\"og:title\" content=\"Entre em contato - Blog da Compets\" \/>\n<meta property=\"og:description\" content=\"Entre em contato conosco, teremos um grande prazer em ajud\u00e1-lo!\" \/>\n<meta property=\"og:url\" content=\"https:\/\/compets.com.br\/blog\/contato\/\" \/>\n<meta property=\"og:site_name\" content=\"Blog da Compets\" \/>\n<meta property=\"article:modified_time\" content=\"2022-11-15T04:52:15+00:00\" \/>\n<meta property=\"og:image\" content=\"https:\/\/compets.com.br\/blog\/wp-content\/uploads\/2022\/11\/contact-us-gd1e11d6b1_1920.png\" \/>\n\t<meta property=\"og:image:width\" content=\"1920\" \/>\n\t<meta property=\"og:image:height\" content=\"551\" \/>\n\t<meta property=\"og:image:type\" content=\"image\/png\" \/>\n<meta name=\"twitter:card\" content=\"summary_large_image\" \/>\n<meta name=\"twitter:label1\" content=\"Est. tempo de leitura\" \/>\n\t<meta name=\"twitter:data1\" content=\"1 minuto\" \/>\n<script type=\"application\/ld+json\" class=\"yoast-schema-graph\">{\"@context\":\"https:\\\/\\\/schema.org\",\"@graph\":[{\"@type\":\"WebPage\",\"@id\":\"https:\\\/\\\/compets.com.br\\\/blog\\\/contato\\\/\",\"url\":\"https:\\\/\\\/compets.com.br\\\/blog\\\/contato\\\/\",\"name\":\"Entre em contato - Blog da Compets\",\"isPartOf\":{\"@id\":\"https:\\\/\\\/compets.com.br\\\/blog\\\/#website\"},\"primaryImageOfPage\":{\"@id\":\"https:\\\/\\\/compets.com.br\\\/blog\\\/contato\\\/#primaryimage\"},\"image\":{\"@id\":\"https:\\\/\\\/compets.com.br\\\/blog\\\/contato\\\/#primaryimage\"},\"thumbnailUrl\":\"https:\\\/\\\/compets.com.br\\\/blog\\\/wp-content\\\/uploads\\\/2022\\\/11\\\/contact-us-gd1e11d6b1_1920.png\",\"datePublished\":\"2022-11-12T19:33:15+00:00\",\"dateModified\":\"2022-11-15T04:52:15+00:00\",\"breadcrumb\":{\"@id\":\"https:\\\/\\\/compets.com.br\\\/blog\\\/contato\\\/#breadcrumb\"},\"inLanguage\":\"pt-BR\",\"potentialAction\":[{\"@type\":\"ReadAction\",\"target\":[\"https:\\\/\\\/compets.com.br\\\/blog\\\/contato\\\/\"]}]},{\"@type\":\"ImageObject\",\"inLanguage\":\"pt-BR\",\"@id\":\"https:\\\/\\\/compets.com.br\\\/blog\\\/contato\\\/#primaryimage\",\"url\":\"https:\\\/\\\/compets.com.br\\\/blog\\\/wp-content\\\/uploads\\\/2022\\\/11\\\/contact-us-gd1e11d6b1_1920.png\",\"contentUrl\":\"https:\\\/\\\/compets.com.br\\\/blog\\\/wp-content\\\/uploads\\\/2022\\\/11\\\/contact-us-gd1e11d6b1_1920.png\",\"width\":1920,\"height\":551},{\"@type\":\"BreadcrumbList\",\"@id\":\"https:\\\/\\\/compets.com.br\\\/blog\\\/contato\\\/#breadcrumb\",\"itemListElement\":[{\"@type\":\"ListItem\",\"position\":1,\"name\":\"In\u00edcio\",\"item\":\"https:\\\/\\\/compets.com.br\\\/blog\\\/\"},{\"@type\":\"ListItem\",\"position\":2,\"name\":\"Entre em contato\"}]},{\"@type\":\"WebSite\",\"@id\":\"https:\\\/\\\/compets.com.br\\\/blog\\\/#website\",\"url\":\"https:\\\/\\\/compets.com.br\\\/blog\\\/\",\"name\":\"Blog da Compets\",\"description\":\"Tivemos uma ideia e decidimos transform\u00e1-la em realidade. Uma maneira f\u00e1cil de encontrar um lar para animais de estima\u00e7\u00e3o.\",\"potentialAction\":[{\"@type\":\"SearchAction\",\"target\":{\"@type\":\"EntryPoint\",\"urlTemplate\":\"https:\\\/\\\/compets.com.br\\\/blog\\\/?s={search_term_string}\"},\"query-input\":{\"@type\":\"PropertyValueSpecification\",\"valueRequired\":true,\"valueName\":\"search_term_string\"}}],\"inLanguage\":\"pt-BR\"}]}<\/script>\n<!-- \/ Yoast SEO plugin. -->","yoast_head_json":{"title":"Entre em contato - Blog da Compets","robots":{"index":"index","follow":"follow","max-snippet":"max-snippet:-1","max-image-preview":"max-image-preview:large","max-video-preview":"max-video-preview:-1"},"canonical":"https:\/\/compets.com.br\/blog\/contato\/","og_locale":"pt_BR","og_type":"article","og_title":"Entre em contato - Blog da Compets","og_description":"Entre em contato conosco, teremos um grande prazer em ajud\u00e1-lo!","og_url":"https:\/\/compets.com.br\/blog\/contato\/","og_site_name":"Blog da Compets","article_modified_time":"2022-11-15T04:52:15+00:00","og_image":[{"width":1920,"height":551,"url":"https:\/\/compets.com.br\/blog\/wp-content\/uploads\/2022\/11\/contact-us-gd1e11d6b1_1920.png","type":"image\/png"}],"twitter_card":"summary_large_image","twitter_misc":{"Est. tempo de leitura":"1 minuto"},"schema":{"@context":"https:\/\/schema.org","@graph":[{"@type":"WebPage","@id":"https:\/\/compets.com.br\/blog\/contato\/","url":"https:\/\/compets.com.br\/blog\/contato\/","name":"Entre em contato - Blog da Compets","isPartOf":{"@id":"https:\/\/compets.com.br\/blog\/#website"},"primaryImageOfPage":{"@id":"https:\/\/compets.com.br\/blog\/contato\/#primaryimage"},"image":{"@id":"https:\/\/compets.com.br\/blog\/contato\/#primaryimage"},"thumbnailUrl":"https:\/\/compets.com.br\/blog\/wp-content\/uploads\/2022\/11\/contact-us-gd1e11d6b1_1920.png","datePublished":"2022-11-12T19:33:15+00:00","dateModified":"2022-11-15T04:52:15+00:00","breadcrumb":{"@id":"https:\/\/compets.com.br\/blog\/contato\/#breadcrumb"},"inLanguage":"pt-BR","potentialAction":[{"@type":"ReadAction","target":["https:\/\/compets.com.br\/blog\/contato\/"]}]},{"@type":"ImageObject","inLanguage":"pt-BR","@id":"https:\/\/compets.com.br\/blog\/contato\/#primaryimage","url":"https:\/\/compets.com.br\/blog\/wp-content\/uploads\/2022\/11\/contact-us-gd1e11d6b1_1920.png","contentUrl":"https:\/\/compets.com.br\/blog\/wp-content\/uploads\/2022\/11\/contact-us-gd1e11d6b1_1920.png","width":1920,"height":551},{"@type":"BreadcrumbList","@id":"https:\/\/compets.com.br\/blog\/contato\/#breadcrumb","itemListElement":[{"@type":"ListItem","position":1,"name":"In\u00edcio","item":"https:\/\/compets.com.br\/blog\/"},{"@type":"ListItem","position":2,"name":"Entre em contato"}]},{"@type":"WebSite","@id":"https:\/\/compets.com.br\/blog\/#website","url":"https:\/\/compets.com.br\/blog\/","name":"Blog da Compets","description":"Tivemos uma ideia e decidimos transform\u00e1-la em realidade. Uma maneira f\u00e1cil de encontrar um lar para animais de estima\u00e7\u00e3o.","potentialAction":[{"@type":"SearchAction","target":{"@type":"EntryPoint","urlTemplate":"https:\/\/compets.com.br\/blog\/?s={search_term_string}"},"query-input":{"@type":"PropertyValueSpecification","valueRequired":true,"valueName":"search_term_string"}}],"inLanguage":"pt-BR"}]}},"_links":{"self":[{"href":"https:\/\/compets.com.br\/blog\/wp-json\/wp\/v2\/pages\/1416","targetHints":{"allow":["GET"]}}],"collection":[{"href":"https:\/\/compets.com.br\/blog\/wp-json\/wp\/v2\/pages"}],"about":[{"href":"https:\/\/compets.com.br\/blog\/wp-json\/wp\/v2\/types\/page"}],"author":[{"embeddable":true,"href":"https:\/\/compets.com.br\/blog\/wp-json\/wp\/v2\/users\/1"}],"replies":[{"embeddable":true,"href":"https:\/\/compets.com.br\/blog\/wp-json\/wp\/v2\/comments?post=1416"}],"version-history":[{"count":43,"href":"https:\/\/compets.com.br\/blog\/wp-json\/wp\/v2\/pages\/1416\/revisions"}],"predecessor-version":[{"id":1985,"href":"https:\/\/compets.com.br\/blog\/wp-json\/wp\/v2\/pages\/1416\/revisions\/1985"}],"wp:featuredmedia":[{"embeddable":true,"href":"https:\/\/compets.com.br\/blog\/wp-json\/wp\/v2\/media\/1982"}],"wp:attachment":[{"href":"https:\/\/compets.com.br\/blog\/wp-json\/wp\/v2\/media?parent=1416"}],"curies":[{"name":"wp","href":"https:\/\/api.w.org\/{rel}","templated":true}]}}